{"id":368,"date":"2014-01-22T13:01:31","date_gmt":"2014-01-22T12:01:31","guid":{"rendered":"http:\/\/cvg.bplaced.net\/?page_id=368"},"modified":"2026-03-04T11:20:06","modified_gmt":"2026-03-04T10:20:06","slug":"musterseite","status":"publish","type":"page","link":"https:\/\/ennsfischen.at\/?page_id=368","title":{"rendered":"Bestimmungen"},"content":{"rendered":"<h2>Allgemeines:<\/h2>\n<p>Die eingetragene Person ist berechtigt, den Fischfang unter Beachtung der Fischereigesetze und nur mit einer g\u00fcltigen Lizenz (Tages-, Wochen-, Jahreskarte) in Verbindung mit der amtlichen O.\u00d6. Fischerkarte und dem Einzahlungsbeleg der Jahresfischerkarte auszu\u00fcben.<\/p>\n<p>Kontrolle: Die Fischereiaufsichtsorgane des Angelsportvereines Gro\u00dframing sind zur Kontrolle der Fischerkarten, Lizenzen sowie der mitgef\u00fchrten Taschen, Beh\u00e4lter, Rucks\u00e4cke, Fischereiger\u00e4te, Fahrzeuge und Fische berechtigt.<\/p>\n<p>DEN ANORDNUNGEN DER FISCHEREI-AUFSICHTSORGANE IST UNBEDINGT FOLGE ZU LEISTEN!<\/p>\n<p>Jeder Angler ist verpflichtet, sich mit den Reviergrenzen vertraut zu machen.<\/p>\n<p>Das kommerzielle oder private Guiding (gewerbliches oder entgeltliches F\u00fchren bzw. Anleiten von Personen zum Zwecke des Fischfangs) ist in unserem Gew\u00e4sser ausnahmslos verboten.<br \/>Diese Regelung gilt unabh\u00e4ngig von Art und Umfang der T\u00e4tigkeit sowie unabh\u00e4ngig davon, ob das Guiding regelm\u00e4\u00dfig oder gelegentlich stattfindet. Jegliche Durchf\u00fchrung oder Bewerbung von Guiding-Aktivit\u00e4ten stellt einen Versto\u00df gegen die Fischereibestimmungen dar.<\/p>\n<p>Wer die Fischereibestimmungen verletzt, hat mit der Entwertung der Lizenz (ohne Kostenersatz) sowie mit der Beschlagnahme der gefangenen Fische und Angelger\u00e4te zu rechnen. Wurde die Lizenz entwertet, so darf der betroffene Lizenznehmer in diesem Jahr keine weitere Lizenz erwerben und in den Gew\u00e4ssern das ASV Gro\u00dframing den Fischfang aus\u00fcben.<\/p>\n<p>Die Lizenz ist nicht \u00fcbertragbar.<\/p>\n<p>Sie werden ersucht, eine Wasserverschmutzung oder ein Fischsterben sofort dem n\u00e4chsten Polizeiposten oder der Vereinsleitung zu melden.<\/p>\n<p><strong>Fischwasser:<\/strong><\/p>\n<p>Das Befischen von B\u00e4chen ist verboten!<br \/>Sofern keine Hinweistafeln vorhanden sind, gilt die gedachte Uferlinie als Fischereigrenze.<\/p>\n<p>ENNS \u2013 Stausee Gro\u00dframing<\/p>\n<p>Kraftwerk Gro\u00dframing bis Kraftwerk Kastenreith<\/p>\n<p>R\u00dcCKSTAU &#8211; Aschatal\/Rodelsbach<\/p>\n<h2>Reviergrenzen:<\/h2>\n<h3>Aschatal:<\/h3>\n<p>Bundesstra\u00dfenbr\u00fccke bis Neustiftgraben und Pechgraben Begrenzungstafel \u201eFischen Ende\u201c<\/p>\n<h3>Rodelsbach:<\/h3>\n<p>Eisenbahnbr\u00fccke bis Begrenzungstafel \u201eEnde des R\u00fcckstaues\u201c<\/p>\n<p>ENNS \u2013Stausee Losenstein<\/p>\n<p>Kraftwerk Losenstein bis Kraftwerk Gro\u00dframing<\/p>\n<p>R\u00dcCKSTAU \u2013 Stiedelsbach<\/p>\n<p>Bundesstra\u00dfenbr\u00fccke bis Begrenzungstafel<\/p>\n<h2>Angelvorschriften:<\/h2>\n<p><strong>1) Allgemeine Verbote<\/strong><\/p>\n<p>Auslegen von Fischereiger\u00e4ten ohne Beaufsichtigung durch den Lizenznehmer<\/p>\n<p>Angeln von exponierten Stellen, wo eine weidgerechte Landung bzw. ein schonendes Zur\u00fccksetzen nicht m\u00f6glich ist<\/p>\n<p>Lebende K\u00f6derfische und verbotene K\u00f6der d\u00fcrfen nicht ans Fischwasser mitgef\u00fchrt werden<\/p>\n<p><strong>2) Fangger\u00e4t<\/strong><\/p>\n<p>Erlaubt sind 2 Angelruten,<br \/>jeweils mit einem Haken<br \/>Nassfliegen: bis 2 St\u00fcck je Angelrute<\/p>\n<p>-Verboten sind Doppel- oder Drillingshaken<br \/>(Ausnahme: bei Kunstk\u00f6dern)<\/p>\n<p>-Beim gezielten Fischen auf Raubfische (Hecht, Zander) ist ein Stahlvorfach oder Fluorcarbon mit mindestens 0,8 mm Durchmesser zu verwenden.<\/p>\n<p>-Daubel- und Netzfischen ist verboten<\/p>\n<p>Empfehlung: Schonhaken oder angedr\u00fcckter Widerhaken wird gew\u00fcnscht.<\/p>\n<p><strong>3) Anf\u00fcttern<\/strong><\/p>\n<p>R\u00fcckstaue Aschatal- und Rodelsbach sowie Stiedelsbach:<br \/>Erlaubt:&nbsp; Anf\u00fcttern mit Natur K\u00f6dern, Mais, Futterpellets, Futterkorb<\/p>\n<p>Enns:<br \/>Verboten: Fischen und Anf\u00fcttern mit Mais sowie Futterpellets jeder Art.<br \/>Futterspirale oder Futterkorb sind ebenfalls verboten.<\/p>\n<p>Ausnahmebereich:<br \/>Ennsbr\u00fccke Gro\u00dframing bis Kraftwerk Gro\u00dframing<br \/>Hier ist Fischen und Anf\u00fcttern mit Boilies\/Futterpellets &gt; 20\u202fmm erlaubt<\/p>\n<p><strong>4) Toter K\u00f6derfisch<\/strong><\/p>\n<p>R\u00fcckstaue Aschatal- und Rodelsbach:<br \/>Das Fischen mit totem K\u00f6derfisch ist vom 01. bis 31. Mai verboten!<\/p>\n<p>Enns:<br \/>Das Fischen mit totem K\u00f6derfisch ist ab den 16. September verboten!<\/p>\n<p><strong>5) Spinnfischen<\/strong><\/p>\n<p>Als Spinnfischen gilt die aktive K\u00f6derf\u00fchrung, unabh\u00e4ngig davon, ob Kunstk\u00f6der oder Naturk\u00f6der verwendet werden.<\/p>\n<p>R\u00fcckstaue Aschatal- und Rodelsbach:<\/p>\n<p>Das Spinnfischen ist vom 01. bis 31. Mai verboten!<\/p>\n<p><strong><span style=\"color: #000000;\">ACHTUNG HUCHENSCHONSTRECKE:<\/span><\/strong><\/p>\n<p><span style=\"color: #000000;\">Stausee Gro\u00dframing: <\/span><br \/><span style=\"color: #000000;\">Von Kraftwerk Kastenreith (Staumauer) bis Angelsbachm\u00fcndung (ca. 4\u202fkm)<\/span><\/p>\n<p><span style=\"color: #000000;\">Stausee Losenstein: <\/span><br \/><span style=\"color: #000000;\">Von Kraftwerk Gro\u00dframing bis Fluss-km 62,52 (ca. 2,3\u202fkm)<\/span><\/p>\n<p><span style=\"color: #000000;\">In diesen Abschnitten ist das Spinnfischen verboten!<\/span><\/p>\n<p><span style=\"color: #000000;\">Streamer jeder Art d\u00fcrfen nur mit Fliegenrute und Flugschnur gefischt werden.<\/span><\/p>\n<p>Fangzeit:<br \/>1. Mai bis 31. Oktober<\/p>\n<p>Das Fischen ist eine Stunde vor Sonnenaufgang bis eine Stunde nach Sonnenuntergang erlaubt.<\/p>\n<p>Nachtfischen ist ausdr\u00fccklich verboten!<\/p>\n<p>Mindesfangma\u00dfe:<br \/>\u00c4sche 35cm <br \/>Hecht 70cm<br \/>Bachforelle 30cm <br \/>Karpfen 35cm\/ \u00fcber 60cm sind zur\u00fcckzusetzen<br \/>Saibling 30cm <br \/>Zander 50cm<br \/>Regenbogenforelle 30cm<\/p>\n<h2>Schonzeit:<\/h2>\n<p>Hecht&nbsp;&nbsp;&nbsp; 1.2. \u2013 31. Mai<br \/>Zander&nbsp; 1.3. \u2013 31. Mai<\/p>\n<p>F\u00fcr alle \u00fcbrigen Fischarten gelten die gesetzlichen Mindestfangma\u00dfe und Schonzeiten.<\/p>\n<p>Unterma\u00dfige und w\u00e4hrend ihrer Schonzeit gefangene Fische sind schonend zu landen, sofort abzuk\u00f6dern und ausnahmslos ins Wasser zur\u00fcckzusetzen.<\/p>\n<p>Bei verschlucktem Haken ist das Vorfach sofort abzuschneiden!!<\/p>\n<p>Ma\u00dfstab, Tuch und Hakenl\u00f6ser sind mitzuf\u00fchren!<\/p>\n<p>Fangerlaubnis<\/p>\n<p>Pro Tag d\u00fcrfen insgesamt vier Fische entnommen werden, davon maximal ein Raubfisch (Hecht oder Zander).<br \/>Nach dem Fang eines Raubfisches ist das Angeln mit K\u00f6derfisch oder durch Spinnfischen nicht mehr erlaubt.<\/p>\n<p>Nach der Entnahme von 4 Fischen ist das Angeln sofort einzustellen!<\/p>\n<p>In der Saison d\u00fcrfen insgesamt 100 St\u00fcck Fische entnommen werden davon 12 St\u00fcck Raubfische (Hecht od. Zander)<\/p>\n<p>Setzkescher max. 4 St\u00fcck Fische<\/p>\n<p>Ein entnommener Fisch ist nach dem waidgerechten Versorgen sofort in das Fangverzeichnis einzutragen.<\/p>\n<p>Nach dem Erreichen des 12 St\u00fcck Raubfisch-Fanglimits darf in den R\u00fcckstauen mit K\u00f6derfisch od. Spinnfischen nicht mehr geangelt werden. Das gezielte Weiterangeln auf Raubfische ist im gesamten Fischwasser verboten!<\/p>\n<p>Huchenentnahme Verboten!<\/p>\n<h2>Fangverzeichnis:<\/h2>\n<p>Das Fangverzeichnis ist verpflichtend und genauestens zu f\u00fchren.<br \/>Die Eintragungen sind nur mit Kugelschreiber g\u00fcltig.<\/p>\n<p>Bei fehlenden od. unkorrekten Eintragungen erfolgt der sofortige Lizenzentzug.<\/p>\n<p>Das Fangverzeichnis ist bis 30.11. des Jahres dem ASV Gro\u00dframing zu \u00fcbermitteln.<\/p>\n<p>Abzugeben bei einem Fischereikontrollorgan, bei den Lizenzausgabestellen,<\/p>\n<p>pA.: Hr. Ing. Karl Salcher,<br \/>Hintstein 29;<br \/>4463 Gro\u00dframing&nbsp;<\/p>\n<p>oder per E-Mail an<br \/>info@ennsfischen.at<\/p>\n<p>Dadurch kann bei den Besatzma\u00dfnahmen noch genauer und rascher auf die Gegebenheiten reagiert werden. Dies ist f\u00fcr das Fischwasser und alle Lizenznehmer von gro\u00dfem Vorteil.<\/p>\n\n\n<hr class=\"wp-block-separator has-alpha-channel-opacity\"\/>\n\n\n\n<h1 class=\"wp-block-heading\"><strong>Huchenlizenz:<\/strong><\/h1>\n\n\n\n<p>ALLGEMEINES:<br \/>1. Der Fischfang ist unter Beachtung der Fischereigesetzte und nur mit einer g\u00fcltigen Huchenlizenz in Verbindung mit der amtlichen O.\u00d6. Fischerkarte und der Jahresfischerkartenabgabe auszu\u00fcben.<\/p>\n\n\n\n<p>2. Kontrolle:<br \/>Die Fischereiaufsichtsorgane des Angelsportvereines Gro\u00dframing sind zur Kontrolle der Fischerkarten, Lizenzen sowie der mitgef\u00fchrten Taschen, Beh\u00e4lter, Rucks\u00e4cke, Fischereiger\u00e4te, Fahrzeuge und Fische berechtigt.<\/p>\n\n\n\n<p>3. Wer die Fischereibestimmungen verletzt, hat mit der Entwertung der Lizenz (ohne Kostenersatz) sowie mit der Beschlagnahme der gefangenen Fische und Angelger\u00e4te zu rechnen.<\/p>\n\n\n\n<p>4. Die Lizenz ist nicht \u00fcbertragbar.<\/p>\n\n\n\n<p>5. Jeder Angler ist verpflichtet, sich mit den Reviergrenzen vertraut zu machen.<\/p>\n\n\n\n<p>6. Sie werden ersucht, eine Wasserverschmutzung oder ein Fischsterben sofort dem n\u00e4chsten Polizeiposten oder der Vereinsleitung zu melden.<\/p>\n\n\n\n<p>7. Bitte keine Abf\u00e4lle am Ufer oder im Wasser hinterlassen.<\/p>\n\n\n\n<p>DEN ANORDNUNGEN DER FISCHEREIAUFSICHTSORGANE IST UNBEDINGT FOLGE ZU LEISTEN!<\/p>\n\n\n\n<p>BESTIMMUNGEN:<br \/>1 Angelrute mit 1 K\u00f6der<br \/>K\u00f6dermindestl\u00e4nge: 10 cm<br \/>Huchen- Mindestma\u00df: 90 cm<br \/>Hecht- Mindestma\u00df: 70 cm<\/p>\n\n\n\n<p>Die Entnahme von 1Stk. Huchen ist erlaubt.<br \/>Die Entnahme von Hechten ist erlaubt.<br \/>Unterma\u00dfige Huchen und Hechte, sowie ALLE anderen gefangenen Fischarten sind schonend zu landen und ausnahmslos ins Wasser zur\u00fcckzusetzen. Ma\u00dfstab und Zange sind mitzuf\u00fchren<\/p>\n\n\n\n<p>Reviergrenzen:<br \/>\u2022 KW Losenstein bis KW Kastenreith<br \/>\u2022 Aschatalr\u00fcckstau &#8211; Stra\u00dfenbr\u00fccke<br \/>\u2022 Rodelsbachr\u00fcckstau &#8211; Bahnbr\u00fccke<br \/>\u2022 Stiedelsbachr\u00fcckstau \u2013 Stra\u00dfenbr\u00fccke<br \/>Das Befischen von B\u00e4chen und R\u00fcckstauen ist verboten!! Sofern keine Hinweistafeln vorhanden sind, gilt die gedachte<br \/>Uferlinie als Fischereigrenze.<br \/>Das Befischen des Stiedelsbach-, Aschatal u. Rodelsbachr\u00fcckstaues ist verboten!!!<\/p>\n\n\n\n<p>FANGZEIT:<br \/>1. Nov. bis 15. Febr.<br \/>1 Stunde vor Sonnenaufgang bis 2 Stunden nach Sonnenuntergang<br \/>Achtung: Schonzeit Hecht ab 1. Februar<\/p>\n\n\n\n<p>Verboten ist:<br \/>\u2022 Nachtfischen<br \/>\u2022 Angeln von exponierten Stellen, wo eine weidgerechte Landung bzw. ein schonendes Zur\u00fccksetzen gefangener Fische<br \/>nicht m\u00f6glich ist.<br \/>\u2022 Das Auslegen von totem K\u00f6derfisch ist verboten.<br \/>Bei den Kraftwerken und Staumauern sind die Sicherheitsbereiche und die erh\u00f6hten Gefahren zu beachten!<\/p>\n\n\n\n<p>Entnahmemeldung:<br \/>JEDE Huchen- oder Hechtentnahme ist sofort zu melden.<br \/>Karl Salcher:&nbsp; &nbsp; &nbsp; &nbsp; &nbsp; &nbsp; &nbsp;0664\/75061590<br \/>Christian Holzinger: 0664\/1428031<br \/>Hubert Kaltenrinner: 0650\/6364589<\/p>\n\n\n\n<hr class=\"wp-block-separator has-alpha-channel-opacity\"\/>\n\n\n\n<p>Angelsportverein Gro\u00dframing<br \/>Hornbachgraben 5<br \/>4443 Maria Neustift<br \/>E\u2011Mail: info@ennsfischen.at<br \/>Web: www.ennsfischen.at<\/p>\n\n\n\n<p><strong>Obmann:<\/strong><br \/>Ing. Aigner Eduard&nbsp;&nbsp;&nbsp; 0650\/8124024<\/p>\n\n\n\n<p><strong>Fischereischutzorgane:<\/strong><br \/>Holzinger Christian&nbsp; &nbsp; &nbsp; 0664\/1428031<br \/>Garstenauer Johann&nbsp; &nbsp;&nbsp;&nbsp; 0676\/9509408<br \/>Gruber Jonathan&nbsp; &nbsp; &nbsp; &nbsp; &nbsp; &nbsp;0650\/4343150<br \/>Kaltenriner Hubert&nbsp;&nbsp; &nbsp;&nbsp;&nbsp; 0650\/6364589<br \/>Ing. Salcher Karl&nbsp; &nbsp; &nbsp; &nbsp; &nbsp; 0664\/75061590<\/p>\n","protected":false},"excerpt":{"rendered":"<p>Allgemeines: Die eingetragene Person ist berechtigt, den Fischfang unter Beachtung der Fischereigesetze und nur mit einer g\u00fcltigen Lizenz (Tages-, Wochen-, Jahreskarte) in Verbindung mit der amtlichen O.\u00d6. Fischerkarte und dem Einzahlungsbeleg der Jahresfischerkarte auszu\u00fcben. Kontrolle: Die Fischereiaufsichtsorgane des Angelsportvereines Gro\u00dframing sind zur Kontrolle der Fischerkarten, Lizenzen sowie der mitgef\u00fchrten Taschen, Beh\u00e4lter, Rucks\u00e4cke, Fischereiger\u00e4te, Fahrzeuge und [&hellip;]<\/p>\n","protected":false},"author":1,"featured_media":434,"parent":0,"menu_order":37,"comment_status":"closed","ping_status":"closed","template":"","meta":{"ngg_post_thumbnail":0,"footnotes":""},"class_list":["post-368","page","type-page","status-publish","has-post-thumbnail","czr-hentry"],"_links":{"self":[{"href":"https:\/\/ennsfischen.at\/index.php?rest_route=\/wp\/v2\/pages\/368","targetHints":{"allow":["GET"]}}],"collection":[{"href":"https:\/\/ennsfischen.at\/index.php?rest_route=\/wp\/v2\/pages"}],"about":[{"href":"https:\/\/ennsfischen.at\/index.php?rest_route=\/wp\/v2\/types\/page"}],"author":[{"embeddable":true,"href":"https:\/\/ennsfischen.at\/index.php?rest_route=\/wp\/v2\/users\/1"}],"replies":[{"embeddable":true,"href":"https:\/\/ennsfischen.at\/index.php?rest_route=%2Fwp%2Fv2%2Fcomments&post=368"}],"version-history":[{"count":42,"href":"https:\/\/ennsfischen.at\/index.php?rest_route=\/wp\/v2\/pages\/368\/revisions"}],"predecessor-version":[{"id":12976,"href":"https:\/\/ennsfischen.at\/index.php?rest_route=\/wp\/v2\/pages\/368\/revisions\/12976"}],"wp:featuredmedia":[{"embeddable":true,"href":"https:\/\/ennsfischen.at\/index.php?rest_route=\/wp\/v2\/media\/434"}],"wp:attachment":[{"href":"https:\/\/ennsfischen.at\/index.php?rest_route=%2Fwp%2Fv2%2Fmedia&parent=368"}],"curies":[{"name":"wp","href":"https:\/\/api.w.org\/{rel}","templated":true}]}}