{"id":395,"date":"2014-01-24T10:49:07","date_gmt":"2014-01-24T09:49:07","guid":{"rendered":"http:\/\/cvg.bplaced.net\/?page_id=395"},"modified":"2026-03-06T08:39:41","modified_gmt":"2026-03-06T07:39:41","slug":"preise-u-infos","status":"publish","type":"page","link":"https:\/\/ennsfischen.at\/?page_id=395","title":{"rendered":"Preise u. Infos"},"content":{"rendered":"<p><span style=\"text-decoration: underline;\"><strong>Preise:<\/strong><\/span><br \/>\nSaisonkarte Euro 490,- Jugendliche bis 18 Jahren Euro 220,-<br \/>\nTageskarte Euro 40,- Jugendliche bis 18 Jahren Euro 25,-<br \/>\nWochenkarte Euro 160,- Jugendliche bis 18 Jahren Euro 100,-<br \/>\nGruppenerm\u00e4\u00dfigung ab 5 Angler oder G\u00e4ste mit N\u00e4chtigungsnachweis in der Nationalparkregion Tageskarte Euro 35,-<\/p>\n<p class=\"address\" translate=\"no\"><strong><span style=\"text-decoration: underline;\">Lizenzausgabe:<\/span><br \/>\n<\/strong>Angelsport Loibl, Quellenstra\u00dfe 3, 4432 Ernsthofen, Tel.: 0676\/88086155<br \/>\nTankstelle Socar, <span class=\"entryAdrFnt\"><span id=\"dp.address.address\">Eisenstra\u00dfe 13<\/span><\/span>, <span class=\"entryAdrFnt\"><span id=\"dp.address.postalcode\">4463 <\/span> <span id=\"dp.address.city\">Gro\u00dframing<\/span><\/span>, Tel,: <span class=\"LrzXr zdqRlf kno-fv\"><span role=\"link\" aria-label=\"07254 832731 anrufen\">07254 70282<\/span><\/span><br \/>\nFa J. Pichler-Weyer, Tel.: 07355\/7363<br \/>\nGasthaus Aglas Reichraming, Tel.: 07255\/8103<br \/>\nFa Weitgasser-Linz, Tel.: 0732\/652000 oder 0664\/8588113<br \/>\nAngelzubeh\u00f6r Haider Andreas, <span style=\"color: initial;\">Nach d. Enns 52, 4464 Kleinreifling<\/span>, Tel.: 0664\/2366146<br \/>\n<span class=\"fn org\">Exmanco-Steyr GmbH, <\/span><span style=\"font-size: revert; color: initial;\">Im Stadtgut Zone D6, <\/span><span class=\"postal-code\">4407<\/span>&nbsp;<span class=\"locality\">Steyr-Gleink, <\/span>Tel: <span class=\"value\">07252 \/ 470 87<\/span><\/p>\n<p>&#8212;&#8212;&#8212;&#8212;&#8212;&#8212;&#8212;&#8212;&#8212;&#8212;&#8212;&#8212;&#8212;&#8212;&#8212;&#8212;&#8212;&#8212;&#8212;&#8212;&#8212;&#8212;&#8212;&#8212;&#8212;&#8212;&#8212;&#8212;-<\/p>\n<p><span style=\"text-decoration: underline;\"><strong>Huchenkarte:<\/strong><\/span><br \/>\nSaisonkarte Euro 440,-<\/p>\n<p><span style=\"text-decoration: underline;\"><strong>Lizenzausgabe f\u00fcr Huchenkarte:<br \/>\n<\/strong><\/span>Fa J. Pichler-Weyer, Tel.: 07355\/7363<br \/>\n<span class=\"LrzXr zdqRlf kno-fv\"><span role=\"link\" aria-label=\"07254 832731 anrufen\">Angelzubeh\u00f6r Haider Andreas, Nach d. Enns 52, 4464 Kleinreifling, Tel.: 0664\/2366146<\/span><\/span><br \/>\nGasthaus Aglas Reichraming, Tel.: 07255\/8103<br \/>\n<span class=\"fn org\">Exmanco-Steyr GmbH, <\/span>Im Stadtgut Zone D6, <span class=\"postal-code\">4407<\/span>&nbsp;<span class=\"locality\">Steyr-Glein, <\/span>Tel: <span class=\"value\">07252 \/ 470 87<\/span><\/p>\n<p>&#8212;&#8212;&#8212;&#8212;&#8212;&#8212;&#8212;&#8212;&#8212;&#8212;&#8212;&#8212;&#8212;&#8212;&#8212;&#8212;&#8212;&#8212;&#8212;&#8212;&#8212;&#8212;&#8212;&#8212;&#8212;&#8212;&#8212;&#8212;&#8212;<br \/>\n<span style=\"text-decoration: underline;\"><strong>Info:<\/strong><\/span><\/p>\n<p><strong><span style=\"text-decoration: underline;\">Kontaktadressen:<\/span><br \/>\n<\/strong>Obmann: Ing. Aigner Eduard, Tel.: 0650\/8124024<br \/>\nE-Mail: <a href=\"mailto:info@ennsfischen.at\">info@ennsfischen.at<\/a><\/p>\n<p><span style=\"text-decoration: underline;\"><strong>Fischeraufsicht:<\/strong>&nbsp;<\/span><br \/>\nHolzinger Christian, Tel.: 0664\/1428031<\/p>\n","protected":false},"excerpt":{"rendered":"<p>Preise: Saisonkarte Euro 490,- Jugendliche bis 18 Jahren Euro 220,- Tageskarte Euro 40,- Jugendliche bis 18 Jahren Euro 25,- Wochenkarte Euro 160,- Jugendliche bis 18 Jahren Euro 100,- Gruppenerm\u00e4\u00dfigung ab 5 Angler oder G\u00e4ste mit N\u00e4chtigungsnachweis in der Nationalparkregion Tageskarte Euro 35,- Lizenzausgabe: Angelsport Loibl, Quellenstra\u00dfe 3, 4432 Ernsthofen, Tel.: 0676\/88086155 Tankstelle Socar, Eisenstra\u00dfe 13, [&hellip;]<\/p>\n","protected":false},"author":1,"featured_media":484,"parent":0,"menu_order":35,"comment_status":"closed","ping_status":"closed","template":"","meta":{"ngg_post_thumbnail":0,"footnotes":""},"class_list":["post-395","page","type-page","status-publish","has-post-thumbnail","czr-hentry"],"_links":{"self":[{"href":"https:\/\/ennsfischen.at\/index.php?rest_route=\/wp\/v2\/pages\/395","targetHints":{"allow":["GET"]}}],"collection":[{"href":"https:\/\/ennsfischen.at\/index.php?rest_route=\/wp\/v2\/pages"}],"about":[{"href":"https:\/\/ennsfischen.at\/index.php?rest_route=\/wp\/v2\/types\/page"}],"author":[{"embeddable":true,"href":"https:\/\/ennsfischen.at\/index.php?rest_route=\/wp\/v2\/users\/1"}],"replies":[{"embeddable":true,"href":"https:\/\/ennsfischen.at\/index.php?rest_route=%2Fwp%2Fv2%2Fcomments&post=395"}],"version-history":[{"count":40,"href":"https:\/\/ennsfischen.at\/index.php?rest_route=\/wp\/v2\/pages\/395\/revisions"}],"predecessor-version":[{"id":12978,"href":"https:\/\/ennsfischen.at\/index.php?rest_route=\/wp\/v2\/pages\/395\/revisions\/12978"}],"wp:featuredmedia":[{"embeddable":true,"href":"https:\/\/ennsfischen.at\/index.php?rest_route=\/wp\/v2\/media\/484"}],"wp:attachment":[{"href":"https:\/\/ennsfischen.at\/index.php?rest_route=%2Fwp%2Fv2%2Fmedia&parent=395"}],"curies":[{"name":"wp","href":"https:\/\/api.w.org\/{rel}","templated":true}]}}